{"id":16,"date":"2020-02-05T18:26:30","date_gmt":"2020-02-05T17:26:30","guid":{"rendered":"http:\/\/gilray.fr\/?page_id=16"},"modified":"2024-07-09T18:34:02","modified_gmt":"2024-07-09T16:34:02","slug":"a-propos","status":"publish","type":"page","link":"https:\/\/gilray.fr\/a-propos\/","title":{"rendered":"A propos"},"content":{"rendered":"\t\t<div data-elementor-type=\"wp-page\" data-elementor-id=\"16\" class=\"elementor elementor-16\">\n\t\t\t\t\t\t<section class=\"elementor-section elementor-top-section elementor-element elementor-element-b0a33e2 elementor-section-boxed elementor-section-height-default elementor-section-height-default\" data-id=\"b0a33e2\" data-element_type=\"section\" data-e-type=\"section\">\n\t\t\t\t\t\t<div class=\"elementor-container elementor-column-gap-default\">\n\t\t\t\t\t<div class=\"elementor-column elementor-col-100 elementor-top-column elementor-element elementor-element-640e66a1\" data-id=\"640e66a1\" data-element_type=\"column\" data-e-type=\"column\">\n\t\t\t<div class=\"elementor-widget-wrap elementor-element-populated\">\n\t\t\t\t\t\t<div class=\"elementor-element elementor-element-4db520ed elementor-widget elementor-widget-text-editor\" data-id=\"4db520ed\" data-element_type=\"widget\" data-e-type=\"widget\" data-widget_type=\"text-editor.default\">\n\t\t\t\t<div class=\"elementor-widget-container\">\n\t\t\t\t\t\t\t\t\t<p style=\"border: 0px solid #e3e3e3; --tw-border-spacing-x: 0; --tw-border-spacing-y: 0; --tw-translate-x: 0; --tw-translate-y: 0; --tw-rotate: 0; --tw-skew-x: 0; --tw-skew-y: 0; --tw-scale-x: 1; --tw-scale-y: 1; --tw-scroll-snap-strictness: proximity; --tw-ring-offset-width: 0px; --tw-ring-offset-color: #fff; --tw-ring-color: rgba(69,89,164,.5); --tw-ring-offset-shadow: 0 0 transparent; --tw-ring-shadow: 0 0 transparent; --tw-shadow: 0 0 transparent; --tw-shadow-colored: 0 0 transparent; margin-bottom: 1.25em; color: #0d0d0d;  font-size: 16px; white-space-collapse: preserve;\">N\u00e9 en 1961 d\u2019un p\u00e8re garagiste, alors que ma m\u00e8re servait l&rsquo;essence encore une heure avant ma naissance. J&rsquo;ai grandi entour\u00e9 de bidons d\u2019huile, de moteurs rugissants et d&rsquo;automobiles aux chromes rutilants.<\/p>\n<p style=\"border: 0px solid #e3e3e3; --tw-border-spacing-x: 0; --tw-border-spacing-y: 0; --tw-translate-x: 0; --tw-translate-y: 0; --tw-rotate: 0; --tw-skew-x: 0; --tw-skew-y: 0; --tw-scale-x: 1; --tw-scale-y: 1; --tw-scroll-snap-strictness: proximity; --tw-ring-offset-width: 0px; --tw-ring-offset-color: #fff; --tw-ring-color: rgba(69,89,164,.5); --tw-ring-offset-shadow: 0 0 transparent; --tw-ring-shadow: 0 0 transparent; --tw-shadow: 0 0 transparent; --tw-shadow-colored: 0 0 transparent; margin-top: 1.25em; margin-bottom: 1.25em; color: #0d0d0d;  font-size: 16px; white-space-collapse: preserve;\">D\u00e8s mon plus jeune \u00e2ge, j&rsquo;ai \u00e9t\u00e9 captiv\u00e9 par les lignes \u00e9l\u00e9gantes de Citro\u00ebn, les innovations audacieuses de Matra, l&rsquo;aura mythique des voitures am\u00e9ricaines, l&rsquo;ing\u00e9nierie allemande d&rsquo;Opel et enfin, l&rsquo;essence de la passion automobile incarn\u00e9e par Alfa Romeo, qui a rapidement conquis mon c\u0153ur.<\/p>\n<p style=\"border: 0px solid #e3e3e3; --tw-border-spacing-x: 0; --tw-border-spacing-y: 0; --tw-translate-x: 0; --tw-translate-y: 0; --tw-rotate: 0; --tw-skew-x: 0; --tw-skew-y: 0; --tw-scale-x: 1; --tw-scale-y: 1; --tw-scroll-snap-strictness: proximity; --tw-ring-offset-width: 0px; --tw-ring-offset-color: #fff; --tw-ring-color: rgba(69,89,164,.5); --tw-ring-offset-shadow: 0 0 transparent; --tw-ring-shadow: 0 0 transparent; --tw-shadow: 0 0 transparent; --tw-shadow-colored: 0 0 transparent; margin-top: 1.25em; margin-bottom: 1.25em; color: #0d0d0d;  font-size: 16px; white-space-collapse: preserve;\">La photographie est rapidement devenue bien plus qu&rsquo;un simple passe-temps. C&rsquo;est devenu mon exutoire, un moyen d&rsquo;exprimer ma passion d\u00e9vorante pour les voitures et de capturer leur beaut\u00e9 sous tous ses angles. Chaque clic d&rsquo;obturateur est une exploration de l&rsquo;esth\u00e9tique automobile et une c\u00e9l\u00e9bration de ma fascination pour ce monde en mouvement.<\/p>\n<p style=\"border: 0px solid #e3e3e3; --tw-border-spacing-x: 0; --tw-border-spacing-y: 0; --tw-translate-x: 0; --tw-translate-y: 0; --tw-rotate: 0; --tw-skew-x: 0; --tw-skew-y: 0; --tw-scale-x: 1; --tw-scale-y: 1; --tw-scroll-snap-strictness: proximity; --tw-ring-offset-width: 0px; --tw-ring-offset-color: #fff; --tw-ring-color: rgba(69,89,164,.5); --tw-ring-offset-shadow: 0 0 transparent; --tw-ring-shadow: 0 0 transparent; --tw-shadow: 0 0 transparent; --tw-shadow-colored: 0 0 transparent; margin-top: 1.25em; margin-bottom: 0px; color: #0d0d0d; font-size: 16px; white-space-collapse: preserve;\">Aujourd&rsquo;hui, \u00e0 travers mes photographies, je partage avec vous non seulement des images, mais aussi des \u00e9motions, des souvenirs et des histoires. <span style=\"font-weight: var( --e-global-typography-text-font-weight );\">C&rsquo;est ce que j&rsquo;aime transmettre aussi au travers de mes voyages. \u00c0 travers mon objectif, je saisis les moments fugaces et les paysages \u00e9poustouflants rencontr\u00e9s lors de mes aventures.<\/span><\/p>\n<p style=\"border: 0px solid #e3e3e3; --tw-border-spacing-x: 0; --tw-border-spacing-y: 0; --tw-translate-x: 0; --tw-translate-y: 0; --tw-rotate: 0; --tw-skew-x: 0; --tw-skew-y: 0; --tw-scale-x: 1; --tw-scale-y: 1; --tw-scroll-snap-strictness: proximity; --tw-ring-offset-width: 0px; --tw-ring-offset-color: #fff; --tw-ring-color: rgba(69,89,164,.5); --tw-ring-offset-shadow: 0 0 transparent; --tw-ring-shadow: 0 0 transparent; --tw-shadow: 0 0 transparent; --tw-shadow-colored: 0 0 transparent; margin-top: 1.25em; margin-bottom: 0px; color: #0d0d0d; font-size: 16px; white-space-collapse: preserve;\"><span style=\"font-weight: var( --e-global-typography-text-font-weight );\">Rejoignez-moi dans cette exploration visuelle o\u00f9 chaque clich\u00e9 est une invitation \u00e0 l&rsquo;\u00e9vasion et \u00e0 la d\u00e9couverte.<\/span><\/p>\n<p style=\"border: 0px solid #e3e3e3; --tw-border-spacing-x: 0; --tw-border-spacing-y: 0; --tw-translate-x: 0; --tw-translate-y: 0; --tw-rotate: 0; --tw-skew-x: 0; --tw-skew-y: 0; --tw-scale-x: 1; --tw-scale-y: 1; --tw-scroll-snap-strictness: proximity; --tw-ring-offset-width: 0px; --tw-ring-offset-color: #fff; --tw-ring-color: rgba(69,89,164,.5); --tw-ring-offset-shadow: 0 0 transparent; --tw-ring-shadow: 0 0 transparent; --tw-shadow: 0 0 transparent; --tw-shadow-colored: 0 0 transparent; margin-top: 1.25em; margin-bottom: 0px; color: #0d0d0d; font-family: S\u00f6hne, ui-sans-serif, system-ui, -apple-system, 'Segoe UI', Roboto, Ubuntu, Cantarell, 'Noto Sans', sans-serif, 'Helvetica Neue', Arial, 'Apple Color Emoji', 'Segoe UI Emoji', 'Segoe UI Symbol', 'Noto Color Emoji'; font-size: 16px; white-space-collapse: preserve;\"><span style=\"font-weight: var( --e-global-typography-text-font-weight );\">\u00a0<\/span><\/p>\t\t\t\t\t\t\t\t<\/div>\n\t\t\t\t<\/div>\n\t\t\t\t\t<\/div>\n\t\t<\/div>\n\t\t\t\t\t<\/div>\n\t\t<\/section>\n\t\t\t\t<\/div>\n\t\t","protected":false},"excerpt":{"rendered":"<p>N\u00e9 en 1961 d\u2019un p\u00e8re garagiste, alors que ma m\u00e8re servait l&rsquo;essence encore une heure avant ma naissance. J&rsquo;ai grandi entour\u00e9 de bidons d\u2019huile, de moteurs rugissants et d&rsquo;automobiles aux chromes rutilants. D\u00e8s mon plus jeune \u00e2ge, j&rsquo;ai \u00e9t\u00e9 captiv\u00e9 par les lignes \u00e9l\u00e9gantes de Citro\u00ebn, les innovations audacieuses de Matra, l&rsquo;aura mythique des voitures &hellip; <\/p>\n<p class=\"link-more\"><a href=\"https:\/\/gilray.fr\/a-propos\/\" class=\"more-link\">Lire la suite de<span class=\"screen-reader-text\">\u00ab\u00a0A propos\u00a0\u00bb<\/span><\/a><\/p>\n","protected":false},"author":1,"featured_media":0,"parent":0,"menu_order":0,"comment_status":"closed","ping_status":"closed","template":"","meta":{"inspiro_hide_title":false,"footnotes":""},"class_list":["post-16","page","type-page","status-publish","hentry"],"featured_media_urls":[],"_links":{"self":[{"href":"https:\/\/gilray.fr\/wp-json\/wp\/v2\/pages\/16","targetHints":{"allow":["GET"]}}],"collection":[{"href":"https:\/\/gilray.fr\/wp-json\/wp\/v2\/pages"}],"about":[{"href":"https:\/\/gilray.fr\/wp-json\/wp\/v2\/types\/page"}],"author":[{"embeddable":true,"href":"https:\/\/gilray.fr\/wp-json\/wp\/v2\/users\/1"}],"replies":[{"embeddable":true,"href":"https:\/\/gilray.fr\/wp-json\/wp\/v2\/comments?post=16"}],"version-history":[{"count":15,"href":"https:\/\/gilray.fr\/wp-json\/wp\/v2\/pages\/16\/revisions"}],"predecessor-version":[{"id":557,"href":"https:\/\/gilray.fr\/wp-json\/wp\/v2\/pages\/16\/revisions\/557"}],"wp:attachment":[{"href":"https:\/\/gilray.fr\/wp-json\/wp\/v2\/media?parent=16"}],"curies":[{"name":"wp","href":"https:\/\/api.w.org\/{rel}","templated":true}]}}