{"id":388,"date":"2024-04-24T16:06:29","date_gmt":"2024-04-24T14:06:29","guid":{"rendered":"https:\/\/gilray.fr\/?page_id=388"},"modified":"2024-07-09T18:32:36","modified_gmt":"2024-07-09T16:32:36","slug":"accueil","status":"publish","type":"page","link":"https:\/\/gilray.fr\/","title":{"rendered":"Accueil"},"content":{"rendered":"\t\t<div data-elementor-type=\"wp-page\" data-elementor-id=\"388\" class=\"elementor elementor-388\">\n\t\t\t\t\t\t<section class=\"elementor-section elementor-top-section elementor-element elementor-element-61d9342 elementor-section-boxed elementor-section-height-default elementor-section-height-default\" data-id=\"61d9342\" data-element_type=\"section\" data-e-type=\"section\">\n\t\t\t\t\t\t<div class=\"elementor-container elementor-column-gap-default\">\n\t\t\t\t\t<div class=\"elementor-column elementor-col-100 elementor-top-column elementor-element elementor-element-efc328a\" data-id=\"efc328a\" data-element_type=\"column\" data-e-type=\"column\">\n\t\t\t<div class=\"elementor-widget-wrap elementor-element-populated\">\n\t\t\t\t\t\t<div class=\"elementor-element elementor-element-e4a0d4d elementor-widget elementor-widget-heading\" data-id=\"e4a0d4d\" data-element_type=\"widget\" data-e-type=\"widget\" data-widget_type=\"heading.default\">\n\t\t\t\t<div class=\"elementor-widget-container\">\n\t\t\t\t\t<h2 class=\"elementor-heading-title elementor-size-large\"><b>Explorez mes oeuvres photographiques automobiles et de voyage \u00e0 travers mon objectif passionn\u00e9.<br>Acqu\u00e9rez celles qui vous plaisent au format toile ou sur plaque aluminium. <\/b><\/h2>\t\t\t\t<\/div>\n\t\t\t\t<\/div>\n\t\t\t\t\t<\/div>\n\t\t<\/div>\n\t\t\t\t\t<\/div>\n\t\t<\/section>\n\t\t\t\t<section class=\"elementor-section elementor-top-section elementor-element elementor-element-86192d8 elementor-section-boxed elementor-section-height-default elementor-section-height-default\" data-id=\"86192d8\" data-element_type=\"section\" data-e-type=\"section\">\n\t\t\t\t\t\t<div class=\"elementor-container elementor-column-gap-default\">\n\t\t\t\t\t<div class=\"elementor-column elementor-col-100 elementor-top-column elementor-element elementor-element-ae4519c\" data-id=\"ae4519c\" data-element_type=\"column\" data-e-type=\"column\">\n\t\t\t<div class=\"elementor-widget-wrap elementor-element-populated\">\n\t\t\t\t\t\t<div class=\"elementor-element elementor-element-4af54ba elementor-widget elementor-widget-text-editor\" data-id=\"4af54ba\" data-element_type=\"widget\" data-e-type=\"widget\" data-widget_type=\"text-editor.default\">\n\t\t\t\t<div class=\"elementor-widget-container\">\n\t\t\t\t\t\t\t\t\t<p style=\"border: 0px solid #e3e3e3; --tw-border-spacing-x: 0; --tw-border-spacing-y: 0; --tw-translate-x: 0; --tw-translate-y: 0; --tw-rotate: 0; --tw-skew-x: 0; --tw-skew-y: 0; --tw-scale-x: 1; --tw-scale-y: 1; --tw-scroll-snap-strictness: proximity; --tw-ring-offset-width: 0px; --tw-ring-offset-color: #fff; --tw-ring-color: rgba(69,89,164,.5); --tw-ring-offset-shadow: 0 0 transparent; --tw-ring-shadow: 0 0 transparent; --tw-shadow: 0 0 transparent; --tw-shadow-colored: 0 0 transparent; margin-top: 1.25em; margin-bottom: 1.25em; color: #0d0d0d; font-size: 16px; white-space-collapse: preserve;\"><span style=\"font-weight: var( --e-global-typography-text-font-weight );\">D\u00e9couvrez l&rsquo;art de la photographie \u00e0 travers le regard d&rsquo;un passionn\u00e9 d&rsquo;automobiles et de voyages. Je cherche \u00e0 capturer la beaut\u00e9 des lignes \u00e9pur\u00e9es des voitures et des paysages pittoresques des destinations que j&rsquo;ai visit\u00e9es.<br \/><\/span><span style=\"font-weight: var( --e-global-typography-text-font-weight );\">Chaque photographie a le potentiel d&rsquo;\u00eatre une \u0153uvre d&rsquo;art unique. C&rsquo;est pourquoi j&rsquo;apporte une attention m\u00e9ticuleuse \u00e0 chaque d\u00e9tail, de la prise de vue initiale \u00e0 la retouche finale, pour donner vie \u00e0 ma vision et capturer l&rsquo;essence m\u00eame de chaque instant.<\/span><\/p><p style=\"border: 0px solid #e3e3e3; --tw-border-spacing-x: 0; --tw-border-spacing-y: 0; --tw-translate-x: 0; --tw-translate-y: 0; --tw-rotate: 0; --tw-skew-x: 0; --tw-skew-y: 0; --tw-scale-x: 1; --tw-scale-y: 1; --tw-scroll-snap-strictness: proximity; --tw-ring-offset-width: 0px; --tw-ring-offset-color: #fff; --tw-ring-color: rgba(69,89,164,.5); --tw-ring-offset-shadow: 0 0 transparent; --tw-ring-shadow: 0 0 transparent; --tw-shadow: 0 0 transparent; --tw-shadow-colored: 0 0 transparent; margin-top: 1.25em; margin-bottom: 1.25em; color: #0d0d0d; font-size: 16px; white-space-collapse: preserve;\"><span style=\"text-decoration: underline;\"><span style=\"border: 0px solid #e3e3e3; --tw-border-spacing-x: 0; --tw-border-spacing-y: 0; --tw-translate-x: 0; --tw-translate-y: 0; --tw-rotate: 0; --tw-skew-x: 0; --tw-skew-y: 0; --tw-scale-x: 1; --tw-scale-y: 1; --tw-scroll-snap-strictness: proximity; --tw-ring-offset-width: 0px; --tw-ring-offset-color: #fff; --tw-ring-color: rgba(69,89,164,.5); --tw-ring-offset-shadow: 0 0 transparent; --tw-ring-shadow: 0 0 transparent; --tw-shadow: 0 0 transparent; --tw-shadow-colored: 0 0 transparent; font-weight: 600; color: var(--tw-prose-bold); text-decoration: underline;\">L&rsquo;art de la retouche<br \/><\/span><\/span>Mon processus de retouche va au-del\u00e0 de la simple correction d&rsquo;image. Il repr\u00e9sente une forme d&rsquo;expression artistique o\u00f9 je combine mon expertise technique et ma sensibilit\u00e9 artistique pour sublimer chaque photo. Des ajustements subtils de l&rsquo;exposition \u00e0 l&rsquo;amplification des couleurs, chaque modification vise \u00e0 mettre en valeur la beaut\u00e9 naturelle de la sc\u00e8ne et \u00e0 cr\u00e9er une exp\u00e9rience visuelle authentique.<br \/>Chaque photographie que je cr\u00e9e refl\u00e8te ma propre empreinte artistique. Je crois en l&rsquo;importance de la cr\u00e9ativit\u00e9 et de l&rsquo;originalit\u00e9, et je m&rsquo;efforce de donner \u00e0 chaque image une identit\u00e9 visuelle qui lui est propre. Que ce soit \u00e0 travers des tonalit\u00e9s d\u00e9licates, des contrastes subtils ou des effets artistiques discrets, mon objectif est de susciter l&rsquo;\u00e9motion et de captiver l&rsquo;imaginaire de ceux qui d\u00e9couvrent mes \u0153uvres.<\/p><p style=\"border: 0px solid #e3e3e3; --tw-border-spacing-x: 0; --tw-border-spacing-y: 0; --tw-translate-x: 0; --tw-translate-y: 0; --tw-rotate: 0; --tw-skew-x: 0; --tw-skew-y: 0; --tw-scale-x: 1; --tw-scale-y: 1; --tw-scroll-snap-strictness: proximity; --tw-ring-offset-width: 0px; --tw-ring-offset-color: #fff; --tw-ring-color: rgba(69,89,164,.5); --tw-ring-offset-shadow: 0 0 transparent; --tw-ring-shadow: 0 0 transparent; --tw-shadow: 0 0 transparent; --tw-shadow-colored: 0 0 transparent; margin-top: 1.25em; margin-bottom: 1.25em; color: #0d0d0d; font-size: 16px; white-space-collapse: preserve;\"><span style=\"text-decoration: underline;\"><span style=\"border: 0px solid #e3e3e3; --tw-border-spacing-x: 0; --tw-border-spacing-y: 0; --tw-translate-x: 0; --tw-translate-y: 0; --tw-rotate: 0; --tw-skew-x: 0; --tw-skew-y: 0; --tw-scale-x: 1; --tw-scale-y: 1; --tw-scroll-snap-strictness: proximity; --tw-ring-offset-width: 0px; --tw-ring-offset-color: #fff; --tw-ring-color: rgba(69,89,164,.5); --tw-ring-offset-shadow: 0 0 transparent; --tw-ring-shadow: 0 0 transparent; --tw-shadow: 0 0 transparent; --tw-shadow-colored: 0 0 transparent; font-weight: 600; color: var(--tw-prose-bold); text-decoration: underline;\">Des \u0153uvres d&rsquo;art uniques<br \/><\/span><\/span>Une fois la retouche termin\u00e9e, je propose \u00e0 mes clients d&rsquo;acqu\u00e9rir mes photographies sous forme de toiles ou de posters. Chaque impression est r\u00e9alis\u00e9e avec soin et qualit\u00e9 pour garantir une reproduction fid\u00e8le de mon travail et une durabilit\u00e9 \u00e0 long terme. Chaque pi\u00e8ce devient ainsi une \u0153uvre d&rsquo;art unique, une invitation \u00e0 personnaliser votre espace de vie tout en c\u00e9l\u00e9brant l&rsquo;art et l&rsquo;aventure \u00e0 chaque regard.<\/p>\t\t\t\t\t\t\t\t<\/div>\n\t\t\t\t<\/div>\n\t\t\t\t<section class=\"elementor-section elementor-inner-section elementor-element elementor-element-6fd73d3 elementor-section-boxed elementor-section-height-default elementor-section-height-default\" data-id=\"6fd73d3\" data-element_type=\"section\" data-e-type=\"section\">\n\t\t\t\t\t\t<div class=\"elementor-container elementor-column-gap-default\">\n\t\t\t\t\t<div class=\"elementor-column elementor-col-50 elementor-inner-column elementor-element elementor-element-09632bc\" data-id=\"09632bc\" data-element_type=\"column\" data-e-type=\"column\">\n\t\t\t<div class=\"elementor-widget-wrap elementor-element-populated\">\n\t\t\t\t\t\t<div class=\"elementor-element elementor-element-c3cc5c3 elementor-position-top elementor-widget elementor-widget-image-box\" data-id=\"c3cc5c3\" data-element_type=\"widget\" data-e-type=\"widget\" data-widget_type=\"image-box.default\">\n\t\t\t\t<div class=\"elementor-widget-container\">\n\t\t\t\t\t<div class=\"elementor-image-box-wrapper\"><figure class=\"elementor-image-box-img\"><a href=\"https:\/\/gilray.fr\/index.php\/automobiles\/\" tabindex=\"-1\"><img fetchpriority=\"high\" decoding=\"async\" width=\"2560\" height=\"1708\" src=\"https:\/\/gilray.fr\/wp-content\/uploads\/2022\/07\/DSC_7762-Eraser-Eraser-Eraser_InPixio-scaled.jpg\" class=\"attachment-full size-full wp-image-332\" alt=\"\" srcset=\"https:\/\/gilray.fr\/wp-content\/uploads\/2022\/07\/DSC_7762-Eraser-Eraser-Eraser_InPixio-scaled.jpg 2560w, https:\/\/gilray.fr\/wp-content\/uploads\/2022\/07\/DSC_7762-Eraser-Eraser-Eraser_InPixio-300x200.jpg 300w, https:\/\/gilray.fr\/wp-content\/uploads\/2022\/07\/DSC_7762-Eraser-Eraser-Eraser_InPixio-1024x683.jpg 1024w, https:\/\/gilray.fr\/wp-content\/uploads\/2022\/07\/DSC_7762-Eraser-Eraser-Eraser_InPixio-768x513.jpg 768w, https:\/\/gilray.fr\/wp-content\/uploads\/2022\/07\/DSC_7762-Eraser-Eraser-Eraser_InPixio-1536x1025.jpg 1536w, https:\/\/gilray.fr\/wp-content\/uploads\/2022\/07\/DSC_7762-Eraser-Eraser-Eraser_InPixio-2048x1367.jpg 2048w, https:\/\/gilray.fr\/wp-content\/uploads\/2022\/07\/DSC_7762-Eraser-Eraser-Eraser_InPixio-2000x1335.jpg 2000w\" sizes=\"(max-width: 2560px) 100vw, 2560px\" \/><\/a><\/figure><div class=\"elementor-image-box-content\"><h3 class=\"elementor-image-box-title\"><a href=\"https:\/\/gilray.fr\/index.php\/automobiles\/\"><font size=\"4\" face=\"kalam\">Explorez ma collection automobile<\/font><\/a><\/h3><p class=\"elementor-image-box-description\"><font size=\"4\" face=\"advent pro\">Plongez dans un univers o\u00f9 la puissance et l'\u00e9l\u00e9gance se rencontrent. Parcourez ma s\u00e9lection de photographies automobiles mettant en lumi\u00e8re les mod\u00e8les embl\u00e9matiques et intemporels de l'histoire automobile.<\/font><\/p><\/div><\/div>\t\t\t\t<\/div>\n\t\t\t\t<\/div>\n\t\t\t\t\t<\/div>\n\t\t<\/div>\n\t\t\t\t<div class=\"elementor-column elementor-col-50 elementor-inner-column elementor-element elementor-element-2865454\" data-id=\"2865454\" data-element_type=\"column\" data-e-type=\"column\">\n\t\t\t<div class=\"elementor-widget-wrap elementor-element-populated\">\n\t\t\t\t\t\t<div class=\"elementor-element elementor-element-7d138ae elementor-position-top elementor-widget elementor-widget-image-box\" data-id=\"7d138ae\" data-element_type=\"widget\" data-e-type=\"widget\" data-widget_type=\"image-box.default\">\n\t\t\t\t<div class=\"elementor-widget-container\">\n\t\t\t\t\t<div class=\"elementor-image-box-wrapper\"><figure class=\"elementor-image-box-img\"><a href=\"https:\/\/gilray.fr\/index.php\/voyages\/\" tabindex=\"-1\"><img decoding=\"async\" width=\"2560\" height=\"1709\" src=\"https:\/\/gilray.fr\/wp-content\/uploads\/2022\/09\/DSC_5507_inPixio-scaled.jpg\" class=\"attachment-full size-full wp-image-360\" alt=\"\" srcset=\"https:\/\/gilray.fr\/wp-content\/uploads\/2022\/09\/DSC_5507_inPixio-scaled.jpg 2560w, https:\/\/gilray.fr\/wp-content\/uploads\/2022\/09\/DSC_5507_inPixio-300x200.jpg 300w, https:\/\/gilray.fr\/wp-content\/uploads\/2022\/09\/DSC_5507_inPixio-1024x684.jpg 1024w, https:\/\/gilray.fr\/wp-content\/uploads\/2022\/09\/DSC_5507_inPixio-768x513.jpg 768w, https:\/\/gilray.fr\/wp-content\/uploads\/2022\/09\/DSC_5507_inPixio-1536x1025.jpg 1536w, https:\/\/gilray.fr\/wp-content\/uploads\/2022\/09\/DSC_5507_inPixio-2048x1367.jpg 2048w, https:\/\/gilray.fr\/wp-content\/uploads\/2022\/09\/DSC_5507_inPixio-2000x1335.jpg 2000w\" sizes=\"(max-width: 2560px) 100vw, 2560px\" \/><\/a><\/figure><div class=\"elementor-image-box-content\"><h3 class=\"elementor-image-box-title\"><a href=\"https:\/\/gilray.fr\/index.php\/voyages\/\"><font size=\"4\" face=\"kalam\">\u00c9vadez-vous dans la section voyages<\/font><\/a><\/h3><p class=\"elementor-image-box-description\"><font size=\"4\" face=\"advent pro\">Laissez-vous emporter vers des horizons lointains et des aventures inoubliables. Parcourez notre galerie de voyages et laissez-vous inspirer par les couleurs vibrantes et les paysages captur\u00e9s \u00e0 travers mon objectif.<\/font><\/p><\/div><\/div>\t\t\t\t<\/div>\n\t\t\t\t<\/div>\n\t\t\t\t\t<\/div>\n\t\t<\/div>\n\t\t\t\t\t<\/div>\n\t\t<\/section>\n\t\t\t\t\t<\/div>\n\t\t<\/div>\n\t\t\t\t\t<\/div>\n\t\t<\/section>\n\t\t\t\t<section class=\"elementor-section elementor-top-section elementor-element elementor-element-8ef0295 elementor-section-boxed elementor-section-height-default elementor-section-height-default\" data-id=\"8ef0295\" data-element_type=\"section\" data-e-type=\"section\">\n\t\t\t\t\t\t<div class=\"elementor-container elementor-column-gap-default\">\n\t\t\t\t\t<div class=\"elementor-column elementor-col-100 elementor-top-column elementor-element elementor-element-2f96deb\" data-id=\"2f96deb\" data-element_type=\"column\" data-e-type=\"column\">\n\t\t\t<div class=\"elementor-widget-wrap elementor-element-populated\">\n\t\t\t\t\t\t<div class=\"elementor-element elementor-element-ce08052 elementor-widget elementor-widget-spacer\" data-id=\"ce08052\" data-element_type=\"widget\" data-e-type=\"widget\" data-widget_type=\"spacer.default\">\n\t\t\t\t<div class=\"elementor-widget-container\">\n\t\t\t\t\t\t\t<div class=\"elementor-spacer\">\n\t\t\t<div class=\"elementor-spacer-inner\"><\/div>\n\t\t<\/div>\n\t\t\t\t\t\t<\/div>\n\t\t\t\t<\/div>\n\t\t\t\t<div class=\"elementor-element elementor-element-c2aa12d elementor-widget elementor-widget-heading\" data-id=\"c2aa12d\" data-element_type=\"widget\" data-e-type=\"widget\" data-widget_type=\"heading.default\">\n\t\t\t\t<div class=\"elementor-widget-container\">\n\t\t\t\t\t<h2 class=\"elementor-heading-title elementor-size-default\">Pour me contacter...<\/h2>\t\t\t\t<\/div>\n\t\t\t\t<\/div>\n\t\t\t\t\t<\/div>\n\t\t<\/div>\n\t\t\t\t\t<\/div>\n\t\t<\/section>\n\t\t\t\t<section class=\"elementor-section elementor-top-section elementor-element elementor-element-2f079e7 elementor-section-boxed elementor-section-height-default elementor-section-height-default\" data-id=\"2f079e7\" data-element_type=\"section\" data-e-type=\"section\">\n\t\t\t\t\t\t<div class=\"elementor-container elementor-column-gap-default\">\n\t\t\t\t\t<div class=\"elementor-column elementor-col-50 elementor-top-column elementor-element elementor-element-8571dd4\" data-id=\"8571dd4\" data-element_type=\"column\" data-e-type=\"column\">\n\t\t\t<div class=\"elementor-widget-wrap elementor-element-populated\">\n\t\t\t\t\t\t<div class=\"elementor-element elementor-element-64a6764 e-transform elementor-widget elementor-widget-text-editor\" data-id=\"64a6764\" data-element_type=\"widget\" data-e-type=\"widget\" data-settings=\"{&quot;_transform_translateY_effect&quot;:{&quot;unit&quot;:&quot;%&quot;,&quot;size&quot;:50,&quot;sizes&quot;:[]},&quot;_transform_translateY_effect_tablet&quot;:{&quot;unit&quot;:&quot;%&quot;,&quot;size&quot;:&quot;&quot;,&quot;sizes&quot;:[]},&quot;_transform_translateY_effect_mobile&quot;:{&quot;unit&quot;:&quot;%&quot;,&quot;size&quot;:&quot;&quot;,&quot;sizes&quot;:[]},&quot;_transform_translateX_effect&quot;:{&quot;unit&quot;:&quot;px&quot;,&quot;size&quot;:&quot;&quot;,&quot;sizes&quot;:[]},&quot;_transform_translateX_effect_tablet&quot;:{&quot;unit&quot;:&quot;px&quot;,&quot;size&quot;:&quot;&quot;,&quot;sizes&quot;:[]},&quot;_transform_translateX_effect_mobile&quot;:{&quot;unit&quot;:&quot;px&quot;,&quot;size&quot;:&quot;&quot;,&quot;sizes&quot;:[]}}\" data-widget_type=\"text-editor.default\">\n\t\t\t\t<div class=\"elementor-widget-container\">\n\t\t\t\t\t\t\t\t\t<font size=\"3\">Si vous souhaitez des infos, s&rsquo;il y a une photo qui vous int\u00e9resse, ou si vous souhaitez juste prendre contact car vous \u00eates vous-aussi passionn\u00e9, n&rsquo;h\u00e9sitez pas et remplissez le formulaire ci-contre !<\/font>\t\t\t\t\t\t\t\t<\/div>\n\t\t\t\t<\/div>\n\t\t\t\t\t<\/div>\n\t\t<\/div>\n\t\t\t\t<div class=\"elementor-column elementor-col-50 elementor-top-column elementor-element elementor-element-3d6a0b1\" data-id=\"3d6a0b1\" data-element_type=\"column\" data-e-type=\"column\">\n\t\t\t<div class=\"elementor-widget-wrap elementor-element-populated\">\n\t\t\t\t\t\t<div class=\"elementor-element elementor-element-98b9aac elementor-widget elementor-widget-wpforms\" data-id=\"98b9aac\" data-element_type=\"widget\" data-e-type=\"widget\" data-widget_type=\"wpforms.default\">\n\t\t\t\t<div class=\"elementor-widget-container\">\n\t\t\t\t\t<div class=\"wpforms-container wpforms-container-full wpforms-render-modern\" id=\"wpforms-459\"><form id=\"wpforms-form-459\" class=\"wpforms-validate wpforms-form wpforms-ajax-form\" data-formid=\"459\" method=\"post\" enctype=\"multipart\/form-data\" action=\"\/index.php\/wp-json\/wp\/v2\/pages\/388\" data-token=\"433b14c38d90da5a5fb588b932ad1744\" data-token-time=\"1776365178\"><noscript class=\"wpforms-error-noscript\">Veuillez activer JavaScript dans votre navigateur pour remplir ce formulaire.<\/noscript><div id=\"wpforms-error-noscript\" style=\"display: none;\">Veuillez activer JavaScript dans votre navigateur pour remplir ce formulaire.<\/div><div class=\"wpforms-field-container\"><div id=\"wpforms-459-field_6-container\" class=\"wpforms-field wpforms-field-text\" data-field-id=\"6\"><label class=\"wpforms-field-label\" for=\"wpforms-459-field_6\">Identit\u00e9 <span class=\"wpforms-required-label\" aria-hidden=\"true\">*<\/span><\/label><input type=\"text\" id=\"wpforms-459-field_6\" class=\"wpforms-field-medium wpforms-field-required\" name=\"wpforms[fields][6]\" value=\"Pr\u00e9nom Nom\" aria-errormessage=\"wpforms-459-field_6-error\" required><\/div><div id=\"wpforms-459-field_1-container\" class=\"wpforms-field wpforms-field-email\" data-field-id=\"1\"><label class=\"wpforms-field-label\" for=\"wpforms-459-field_1\">E-mail <span class=\"wpforms-required-label\" aria-hidden=\"true\">*<\/span><\/label><input type=\"email\" id=\"wpforms-459-field_1\" class=\"wpforms-field-medium wpforms-field-required\" name=\"wpforms[fields][1]\" spellcheck=\"false\" aria-errormessage=\"wpforms-459-field_1-error\" required><\/div><div id=\"wpforms-459-field_2-container\" class=\"wpforms-field wpforms-field-textarea\" data-field-id=\"2\"><label class=\"wpforms-field-label\" for=\"wpforms-459-field_2\">Commentaire ou message<\/label><textarea id=\"wpforms-459-field_2\" class=\"wpforms-field-medium\" name=\"wpforms[fields][2]\" aria-errormessage=\"wpforms-459-field_2-error\" ><\/textarea><\/div><div id=\"wpforms-459-field_3-container\" class=\"wpforms-field wpforms-field-checkbox\" data-field-id=\"3\"><fieldset><legend class=\"wpforms-field-label\"><\/legend><ul id=\"wpforms-459-field_3\"><li class=\"choice-1 depth-1\"><input type=\"checkbox\" id=\"wpforms-459-field_3_1\" name=\"wpforms[fields][3][]\" value=\"Je comprends et consens \u00e0 ce que mes donn\u00e9es soient utilis\u00e9es par GilRay afin d&#039;apporter une r\u00e9ponse \u00e0 ma demande\" aria-errormessage=\"wpforms-459-field_3_1-error\"  ><label class=\"wpforms-field-label-inline\" for=\"wpforms-459-field_3_1\">Je comprends et consens \u00e0 ce que mes donn\u00e9es soient utilis\u00e9es par GilRay afin d'apporter une r\u00e9ponse \u00e0 ma demande<\/label><\/li><\/ul><\/fieldset><\/div><\/div><!-- .wpforms-field-container --><div class=\"wpforms-submit-container\" ><input type=\"hidden\" name=\"wpforms[id]\" value=\"459\"><input type=\"hidden\" name=\"page_title\" value=\"\"><input type=\"hidden\" name=\"page_url\" value=\"https:\/\/gilray.fr\/index.php\/wp-json\/wp\/v2\/pages\/388\"><input type=\"hidden\" name=\"url_referer\" value=\"\"><button type=\"submit\" name=\"wpforms[submit]\" id=\"wpforms-submit-459\" class=\"wpforms-submit\" data-alt-text=\"Envoi...\" data-submit-text=\"Envoyer\" aria-live=\"assertive\" value=\"wpforms-submit\">Envoyer<\/button><img decoding=\"async\" src=\"https:\/\/gilray.fr\/wp-content\/plugins\/wpforms-lite\/assets\/images\/submit-spin.svg\" class=\"wpforms-submit-spinner\" style=\"display: none;\" width=\"26\" height=\"26\" alt=\"Chargement en cours\"><\/div><\/form><\/div>  <!-- .wpforms-container -->\t\t\t\t<\/div>\n\t\t\t\t<\/div>\n\t\t\t\t\t<\/div>\n\t\t<\/div>\n\t\t\t\t\t<\/div>\n\t\t<\/section>\n\t\t\t\t<section class=\"elementor-section elementor-top-section elementor-element elementor-element-4e86715 elementor-section-boxed elementor-section-height-default elementor-section-height-default\" data-id=\"4e86715\" data-element_type=\"section\" data-e-type=\"section\">\n\t\t\t\t\t\t<div class=\"elementor-container elementor-column-gap-default\">\n\t\t\t\t\t<div class=\"elementor-column elementor-col-100 elementor-top-column elementor-element elementor-element-36cd978\" data-id=\"36cd978\" data-element_type=\"column\" data-e-type=\"column\">\n\t\t\t<div class=\"elementor-widget-wrap elementor-element-populated\">\n\t\t\t\t\t\t<div class=\"elementor-element elementor-element-d82d598 elementor-widget elementor-widget-spacer\" data-id=\"d82d598\" data-element_type=\"widget\" data-e-type=\"widget\" data-widget_type=\"spacer.default\">\n\t\t\t\t<div class=\"elementor-widget-container\">\n\t\t\t\t\t\t\t<div class=\"elementor-spacer\">\n\t\t\t<div class=\"elementor-spacer-inner\"><\/div>\n\t\t<\/div>\n\t\t\t\t\t\t<\/div>\n\t\t\t\t<\/div>\n\t\t\t\t\t<\/div>\n\t\t<\/div>\n\t\t\t\t\t<\/div>\n\t\t<\/section>\n\t\t\t\t<\/div>\n\t\t","protected":false},"excerpt":{"rendered":"<p>Explorez mes oeuvres photographiques automobiles et de voyage \u00e0 travers mon objectif passionn\u00e9.Acqu\u00e9rez celles qui vous plaisent au format toile ou sur plaque aluminium. D\u00e9couvrez l&rsquo;art de la photographie \u00e0 travers le regard d&rsquo;un passionn\u00e9 d&rsquo;automobiles et de voyages. Je cherche \u00e0 capturer la beaut\u00e9 des lignes \u00e9pur\u00e9es des voitures et des paysages pittoresques des &hellip; <\/p>\n<p class=\"link-more\"><a href=\"https:\/\/gilray.fr\/\" class=\"more-link\">Lire la suite de<span class=\"screen-reader-text\">\u00ab\u00a0Accueil\u00a0\u00bb<\/span><\/a><\/p>\n","protected":false},"author":3,"featured_media":0,"parent":0,"menu_order":0,"comment_status":"closed","ping_status":"closed","template":"","meta":{"inspiro_hide_title":false,"footnotes":""},"class_list":["post-388","page","type-page","status-publish","hentry"],"featured_media_urls":[],"_links":{"self":[{"href":"https:\/\/gilray.fr\/wp-json\/wp\/v2\/pages\/388","targetHints":{"allow":["GET"]}}],"collection":[{"href":"https:\/\/gilray.fr\/wp-json\/wp\/v2\/pages"}],"about":[{"href":"https:\/\/gilray.fr\/wp-json\/wp\/v2\/types\/page"}],"author":[{"embeddable":true,"href":"https:\/\/gilray.fr\/wp-json\/wp\/v2\/users\/3"}],"replies":[{"embeddable":true,"href":"https:\/\/gilray.fr\/wp-json\/wp\/v2\/comments?post=388"}],"version-history":[{"count":93,"href":"https:\/\/gilray.fr\/wp-json\/wp\/v2\/pages\/388\/revisions"}],"predecessor-version":[{"id":554,"href":"https:\/\/gilray.fr\/wp-json\/wp\/v2\/pages\/388\/revisions\/554"}],"wp:attachment":[{"href":"https:\/\/gilray.fr\/wp-json\/wp\/v2\/media?parent=388"}],"curies":[{"name":"wp","href":"https:\/\/api.w.org\/{rel}","templated":true}]}}